{"id":2612,"date":"2017-05-22T12:16:01","date_gmt":"2017-05-22T15:16:01","guid":{"rendered":"https:\/\/sociedadetaoista.com.br\/sp\/?page_id=2612"},"modified":"2025-01-06T10:43:46","modified_gmt":"2025-01-06T13:43:46","slug":"fundamentos-de-i-ching","status":"publish","type":"page","link":"https:\/\/sociedadetaoista.com.br\/sp\/cursos\/i-ching\/fundamentos-de-i-ching\/","title":{"rendered":"Fundamentos de I Ching"},"content":{"rendered":"<h4>Este \u00e9 o primeiro curso de I Ching (Y\u00ec J\u012bng) que comp\u00f5e a forma\u00e7\u00e3o na Sociedade Tao\u00edsta. Nele s\u00e3o ensinadas as bases filos\u00f3ficas e t\u00e9cnicas para uma adequada compreens\u00e3o dos s\u00edmbolos, dos textos e da l\u00f3gica do I Ching. A partir do curso de Fundamentos, abrem-se as portas para um conhecimento maravilhoso sobre os segredos do universo.<\/h4>\n<h4>Este curso \u00e9 pr\u00e9-requisito para os cursos de Hexagramas e Flor de Ameixeira.<\/h4>\n<h4>Dispon\u00edvel em formato online na plataforma parceira Taoismo.Online:<\/h4>\n<h4><a href=\"https:\/\/www.taoismo.com.br\/course\/i-ching-online-fundamentos\">Fundamentos do I Ching Online<\/a><\/h4>\n<p>\u00a0<\/p>\n<h4><span style=\"color: #993300;\">Programa<\/span><\/h4>\n<ul>\n<li>\n<h4>Origem hist\u00f3rica<\/h4>\n<\/li>\n<li>\n<h4>Cosmologia do Y\u00ec J\u012bng (I Ching )<\/h4>\n<\/li>\n<li>\n<h4>Oito Trigramas (Ba Gua)<\/h4>\n<\/li>\n<li>\n<h4>Simbolismo dos Trigramas<\/h4>\n<\/li>\n<li>\n<h4>Estudo das Linhas<\/h4>\n<\/li>\n<li>\n<h4>Estrutura do Hexagrama<\/h4>\n<\/li>\n<li>\n<h4>Ordena\u00e7\u00e3o ancestral de Fu Xi<\/h4>\n<\/li>\n<li>\n<h4>Or\u00e1culos de varetas, pedras e moedas<\/h4>\n<\/li>\n<li>\n<h4>Chave de Interpreta\u00e7\u00e3o Tradicional.<\/h4>\n<\/li>\n<\/ul>\n<p>\u00a0<\/p>\n<h4>Informa\u00e7\u00f5es: <a href=\"https:\/\/wa.me\/5511996313005\">+55(11)99631-3005<\/a><\/h4>\n<p>\u00a0<\/p>\n\n\n<p><\/p>\n\n\n\n<p><\/p>\n","protected":false},"excerpt":{"rendered":"<p>Este \u00e9 o primeiro curso de I Ching (Y\u00ec J\u012bng) que comp\u00f5e a forma\u00e7\u00e3o na Sociedade Tao\u00edsta. Nele s\u00e3o ensinadas as bases filos\u00f3ficas e t\u00e9cnicas para uma adequada compreens\u00e3o dos s\u00edmbolos, dos textos e da l\u00f3gica do I Ching. A partir do curso de Fundamentos, abrem-se as portas para um conhecimento maravilhoso sobre os segredos &hellip; <\/p>\n<p><a class=\"more-link block-button\" href=\"https:\/\/sociedadetaoista.com.br\/sp\/cursos\/i-ching\/fundamentos-de-i-ching\/\">Continue lendo &raquo;<\/a><\/p>\n","protected":false},"author":5,"featured_media":0,"parent":929,"menu_order":0,"comment_status":"closed","ping_status":"closed","template":"","meta":{"footnotes":""},"class_list":["post-2612","page","type-page","status-publish","hentry","nodate"],"_links":{"self":[{"href":"https:\/\/sociedadetaoista.com.br\/sp\/wp-json\/wp\/v2\/pages\/2612","targetHints":{"allow":["GET"]}}],"collection":[{"href":"https:\/\/sociedadetaoista.com.br\/sp\/wp-json\/wp\/v2\/pages"}],"about":[{"href":"https:\/\/sociedadetaoista.com.br\/sp\/wp-json\/wp\/v2\/types\/page"}],"author":[{"embeddable":true,"href":"https:\/\/sociedadetaoista.com.br\/sp\/wp-json\/wp\/v2\/users\/5"}],"replies":[{"embeddable":true,"href":"https:\/\/sociedadetaoista.com.br\/sp\/wp-json\/wp\/v2\/comments?post=2612"}],"version-history":[{"count":2,"href":"https:\/\/sociedadetaoista.com.br\/sp\/wp-json\/wp\/v2\/pages\/2612\/revisions"}],"predecessor-version":[{"id":5922,"href":"https:\/\/sociedadetaoista.com.br\/sp\/wp-json\/wp\/v2\/pages\/2612\/revisions\/5922"}],"up":[{"embeddable":true,"href":"https:\/\/sociedadetaoista.com.br\/sp\/wp-json\/wp\/v2\/pages\/929"}],"wp:attachment":[{"href":"https:\/\/sociedadetaoista.com.br\/sp\/wp-json\/wp\/v2\/media?parent=2612"}],"curies":[{"name":"wp","href":"https:\/\/api.w.org\/{rel}","templated":true}]}}