{"id":2616,"date":"2017-05-22T12:26:33","date_gmt":"2017-05-22T15:26:33","guid":{"rendered":"https:\/\/sociedadetaoista.com.br\/sp\/?page_id=2616"},"modified":"2025-09-01T01:06:08","modified_gmt":"2025-09-01T04:06:08","slug":"hexagramas","status":"publish","type":"page","link":"https:\/\/sociedadetaoista.com.br\/sp\/cursos\/i-ching\/hexagramas\/","title":{"rendered":"Hexagramas"},"content":{"rendered":"<h3><span style=\"color: #993300;\">O Curso<\/span><\/h3>\n<h4>No curso de I Ching Hexagramas s\u00e3o estudados os 64 hexagramas detalhadamente. Mais do que meramente explicar os simbolismos aleg\u00f3ricos e culturais dos textos, o foco do curso \u00e9 desenvolver nos alunos a capacidade de raciocinar conforme a l\u00f3gica do I Ching (Y\u00ec J\u012bng).<\/h4>\n<h4>Os textos foram escritos pelos mestres a partir do estudo dos s\u00edmbolos. Ent\u00e3o n\u00f3s estudamos os s\u00edmbolos e sua l\u00f3gica para entender de onde os mestres tiraram as conclus\u00f5es que inspiraram os textos filos\u00f3ficos.<\/h4>\n<h4>Al\u00e9m disso, os trigramas e hexagramas s\u00e3o representa\u00e7\u00f5es da din\u00e2mica das transforma\u00e7\u00f5es que acontecem no mundo, no universo, na nossa vida. Ou seja, estudar I Ching (Y\u00ec J\u012bng) passa a ser um grande exerc\u00edcio de conhecimento e auto-conhecimento\u2026<\/h4>\n<h4><\/h4>\n<h4>Dispon\u00edvel em formato online na plataforma parceira <a href=\"https:\/\/www.taoismo.com.br\/caminho-i-ching\">Taoismo.Online<\/a>:<\/h4>\n<h4>Saiba mais sobre <a href=\"https:\/\/www.taoismo.com.br\/caminho-i-ching\"><strong>O Caminho do I Ching<\/strong><\/a><\/h4>\n<h3><\/h3>\n<h3><span style=\"color: #993300;\">Programa<\/span><\/h3>\n<ul>\n<li>\n<h4>Simbolismo puro do hexagrama<\/h4>\n<\/li>\n<li>\n<h4>Sentido do ideograma em chin\u00eas antigo<\/h4>\n<\/li>\n<li>\n<h4>Din\u00e2mica dos trigramas<\/h4>\n<\/li>\n<li>\n<h4>Julgamento do Rei Wen<\/h4>\n<\/li>\n<li>\n<h4>Grande Imagem de Conf\u00facio<\/h4>\n<\/li>\n<li>\n<h4>Din\u00e2mica das Linhas<\/h4>\n<\/li>\n<li>\n<h4>Linhas do Duque de Chou<\/h4>\n<\/li>\n<li>\n<h4>Pequena Imagem de Conf\u00facio<\/h4>\n<\/li>\n<\/ul>\n<h4><\/h4>\n<h4><strong>Professor:<\/strong> <a href=\"https:\/\/taoismo.org.br\/sociedade-taoista\/sacerdotes-e-professores\/wagner-canalonga\/\">Wagner Canalonga<\/a><\/h4>\n","protected":false},"excerpt":{"rendered":"<p>O Curso No curso de I Ching Hexagramas s\u00e3o estudados os 64 hexagramas detalhadamente. Mais do que meramente explicar os simbolismos aleg\u00f3ricos e culturais dos textos, o foco do curso \u00e9 desenvolver nos alunos a capacidade de raciocinar conforme a l\u00f3gica do I Ching (Y\u00ec J\u012bng). Os textos foram escritos pelos mestres a partir do &hellip; <\/p>\n<p><a class=\"more-link block-button\" href=\"https:\/\/sociedadetaoista.com.br\/sp\/cursos\/i-ching\/hexagramas\/\">Continue lendo &raquo;<\/a><\/p>\n","protected":false},"author":5,"featured_media":0,"parent":929,"menu_order":1,"comment_status":"closed","ping_status":"closed","template":"","meta":{"footnotes":""},"class_list":["post-2616","page","type-page","status-publish","hentry","nodate"],"_links":{"self":[{"href":"https:\/\/sociedadetaoista.com.br\/sp\/wp-json\/wp\/v2\/pages\/2616","targetHints":{"allow":["GET"]}}],"collection":[{"href":"https:\/\/sociedadetaoista.com.br\/sp\/wp-json\/wp\/v2\/pages"}],"about":[{"href":"https:\/\/sociedadetaoista.com.br\/sp\/wp-json\/wp\/v2\/types\/page"}],"author":[{"embeddable":true,"href":"https:\/\/sociedadetaoista.com.br\/sp\/wp-json\/wp\/v2\/users\/5"}],"replies":[{"embeddable":true,"href":"https:\/\/sociedadetaoista.com.br\/sp\/wp-json\/wp\/v2\/comments?post=2616"}],"version-history":[{"count":6,"href":"https:\/\/sociedadetaoista.com.br\/sp\/wp-json\/wp\/v2\/pages\/2616\/revisions"}],"predecessor-version":[{"id":6219,"href":"https:\/\/sociedadetaoista.com.br\/sp\/wp-json\/wp\/v2\/pages\/2616\/revisions\/6219"}],"up":[{"embeddable":true,"href":"https:\/\/sociedadetaoista.com.br\/sp\/wp-json\/wp\/v2\/pages\/929"}],"wp:attachment":[{"href":"https:\/\/sociedadetaoista.com.br\/sp\/wp-json\/wp\/v2\/media?parent=2616"}],"curies":[{"name":"wp","href":"https:\/\/api.w.org\/{rel}","templated":true}]}}