{"id":2619,"date":"2017-05-22T12:29:12","date_gmt":"2017-05-22T15:29:12","guid":{"rendered":"https:\/\/sociedadetaoista.com.br\/sp\/?page_id=2619"},"modified":"2025-01-06T19:33:42","modified_gmt":"2025-01-06T22:33:42","slug":"i-ching-oficina-de-oraculo","status":"publish","type":"page","link":"https:\/\/sociedadetaoista.com.br\/sp\/cursos\/i-ching\/i-ching-oficina-de-oraculo\/","title":{"rendered":"I Ching &#8211; Oficina de Or\u00e1culo"},"content":{"rendered":"<h3><span style=\"color: #993300;\">A Atividade<\/span><\/h3>\n<h4>Este \u00e9 um espa\u00e7o dedicado exclusivamente ao desenvolvimento dos alunos na consulta do I Ching (Y\u00ec J\u012bng)como Or\u00e1culo, utilizando o m\u00e9todo cl\u00e1ssico. Nesta atividade os alunos fazem as consultas, discutem e elaboram as perguntas, treinam e aprimoram o manuseio do material de consulta (moedas, pedras ou varetas), al\u00e9m de praticar a arte de interpretar as respostas do I Ching, passo-a-passo, segundo as chaves de interpreta\u00e7\u00e3o tradicionais.<\/h4>\n<h4>Nestas oficinas tamb\u00e9m s\u00e3o discutidas as d\u00favidas de consultas feitas pelos alunos fora da sala de aula. Tudo isso sob a supervis\u00e3o de um professor experiente, que estimula e orienta os alunos sobre como trazer o conhecimento adquirido nas aulas de hexagramas para compreender as mensagens simb\u00f3licas que o Or\u00e1culo oferece.<\/h4>\n<h4>\u00c9 neste exerc\u00edcio de trazer a filosofia dos hexagramas para a realidade da consulta que consiste um dos maiores desafios dos estudantes do I Ching. Por isso, a Oficina de Or\u00e1culo \u00e9 uma parte fundamental na forma\u00e7\u00e3o de quem quer aprender a consultar o I Ching com clareza e precis\u00e3o.<\/h4>\n<h4><\/h4>\n<h4>Atividade similar dispon\u00edvel online, na plataforma parceira Taoismo.Online:<\/h4>\n<h4><a href=\"https:\/\/www.taoismo.com.br\/course\/oficina-online\">Tutoria de I Ching &#8211; Estudos de Casos Oraculares<\/a><\/h4>\n<h3><\/h3>\n<h3>Pr\u00e9-requisito<\/h3>\n<h4><a href=\"https:\/\/www.taoismo.com.br\/course\/i-ching-online-fundamentos\">Curso de Fundamentos de I Ching<\/a><\/h4>\n","protected":false},"excerpt":{"rendered":"<p>A Atividade Este \u00e9 um espa\u00e7o dedicado exclusivamente ao desenvolvimento dos alunos na consulta do I Ching (Y\u00ec J\u012bng)como Or\u00e1culo, utilizando o m\u00e9todo cl\u00e1ssico. Nesta atividade os alunos fazem as consultas, discutem e elaboram as perguntas, treinam e aprimoram o manuseio do material de consulta (moedas, pedras ou varetas), al\u00e9m de praticar a arte de &hellip; <\/p>\n<p><a class=\"more-link block-button\" href=\"https:\/\/sociedadetaoista.com.br\/sp\/cursos\/i-ching\/i-ching-oficina-de-oraculo\/\">Continue lendo &raquo;<\/a><\/p>\n","protected":false},"author":5,"featured_media":0,"parent":929,"menu_order":2,"comment_status":"closed","ping_status":"closed","template":"","meta":{"footnotes":""},"class_list":["post-2619","page","type-page","status-publish","hentry","nodate"],"_links":{"self":[{"href":"https:\/\/sociedadetaoista.com.br\/sp\/wp-json\/wp\/v2\/pages\/2619","targetHints":{"allow":["GET"]}}],"collection":[{"href":"https:\/\/sociedadetaoista.com.br\/sp\/wp-json\/wp\/v2\/pages"}],"about":[{"href":"https:\/\/sociedadetaoista.com.br\/sp\/wp-json\/wp\/v2\/types\/page"}],"author":[{"embeddable":true,"href":"https:\/\/sociedadetaoista.com.br\/sp\/wp-json\/wp\/v2\/users\/5"}],"replies":[{"embeddable":true,"href":"https:\/\/sociedadetaoista.com.br\/sp\/wp-json\/wp\/v2\/comments?post=2619"}],"version-history":[{"count":3,"href":"https:\/\/sociedadetaoista.com.br\/sp\/wp-json\/wp\/v2\/pages\/2619\/revisions"}],"predecessor-version":[{"id":5928,"href":"https:\/\/sociedadetaoista.com.br\/sp\/wp-json\/wp\/v2\/pages\/2619\/revisions\/5928"}],"up":[{"embeddable":true,"href":"https:\/\/sociedadetaoista.com.br\/sp\/wp-json\/wp\/v2\/pages\/929"}],"wp:attachment":[{"href":"https:\/\/sociedadetaoista.com.br\/sp\/wp-json\/wp\/v2\/media?parent=2619"}],"curies":[{"name":"wp","href":"https:\/\/api.w.org\/{rel}","templated":true}]}}