{"id":2624,"date":"2017-05-22T12:35:18","date_gmt":"2017-05-22T15:35:18","guid":{"rendered":"https:\/\/sociedadetaoista.com.br\/sp\/?page_id=2624"},"modified":"2025-01-06T19:40:13","modified_gmt":"2025-01-06T22:40:13","slug":"i-ching-flor-de-ameixeira-mei-hua-yi-shu","status":"publish","type":"page","link":"https:\/\/sociedadetaoista.com.br\/sp\/cursos\/i-ching\/i-ching-flor-de-ameixeira-mei-hua-yi-shu\/","title":{"rendered":"I CHING FLOR DE AMEIXEIRA (M\u00c9I HU\u0100 Y\u00cc SH\u00d9)"},"content":{"rendered":"<h4>O M\u00e9todo da Flor de Ameixeira iniciou-se nos prim\u00f3rdios da cultura chinesa e foi aperfei\u00e7oado, de maneira definitiva, pelo monge tao\u00edsta Shao Yong entre os anos 1000 a 1060 DC. Shao Yong \u00e9 considerado uma das maiores autoridades do I Ching. Dentre seus conceitos fundamentais est\u00e1 o valor essencial que atribuiu ao I Ching como or\u00e1culo e instrumento de compreens\u00e3o de vida.<\/h4>\n<h4>O m\u00e9todo combina em sua t\u00e9cnica de an\u00e1lise, al\u00e9m dos 8 trigramas e 64 hexagramas do I Ching, os cinco elementos da medicina chinesa, dados astrol\u00f3gicos, divindades da astrologia cl\u00e1ssica tao\u00edsta. \u00c9 um m\u00e9todo din\u00e2mico que exercita bastante o praticante na utiliza\u00e7\u00e3o dos s\u00edmbolos do I Ching, al\u00e9m de ser uma ferramenta poderosa para aprendermos a ler os sinais sutis da vida, preparando-nos para conviver harmoniosamente com os movimentos do destino.<\/h4>\n<h4>No curso s\u00e3o ensinadas as principais t\u00e9cnicas deste or\u00e1culo, praticadas pelos antigos mestres tao\u00edstas, onde n\u00e3o se utilizam varetas, moedas, livro ou qualquer outro material, somente n\u00fameros e s\u00edmbolos.<\/h4>\n<h3><span style=\"color: #993300;\">M\u00f3dulo 1<\/span><\/h3>\n<ul>\n<li>\n<h4>Origem hist\u00f3rica<\/h4>\n<\/li>\n<li>\n<h4>Princ\u00edpios filos\u00f3ficos do m\u00e9todo<\/h4>\n<\/li>\n<li>\n<h4>T\u00e9cnicas b\u00e1sicas de or\u00e1culo<\/h4>\n<\/li>\n<li>\n<h4>Aprofundamento no simbolismo dos 8 trigramas<\/h4>\n<\/li>\n<li>\n<h4>T\u00e9cnicas de interpreta\u00e7\u00e3o do Flor de Ameixeira<\/h4>\n<\/li>\n<li>\n<h4>Calend\u00e1rio tao\u00edsta \u2013 estrutura e utiliza\u00e7\u00e3o no m\u00e9todo<\/h4>\n<\/li>\n<li>\n<h4>Exerc\u00edcios pr\u00e1ticos.<\/h4>\n<\/li>\n<\/ul>\n<h4>Dura\u00e7\u00e3o: 6 meses<\/h4>\n<h4>Pr\u00e9-requisito: <a href=\"https:\/\/www.taoismo.com.br\/course\/i-ching-online-fundamentos\">Fundamentos de I Ching<\/a><\/h4>\n<h3><span style=\"color: #993300;\">M\u00f3dulo 2<\/span><\/h3>\n<ul>\n<li>\n<h4>Aprofundamento filos\u00f3fico<\/h4>\n<\/li>\n<li>\n<h4>T\u00e9cnicas avan\u00e7adas, complementares e variantes de or\u00e1culo<\/h4>\n<\/li>\n<li>\n<h4>Exemplos tradicionais de Shao Yun<\/h4>\n<\/li>\n<li>\n<h4>Simbolismo resumido dos 64 hexagramas<\/h4>\n<\/li>\n<li>\n<h4>Exerc\u00edcios pr\u00e1ticos<\/h4>\n<\/li>\n<\/ul>\n<h4>Dura\u00e7\u00e3o: 3 meses<\/h4>\n<h4>Pr\u00e9-requisito: M\u00f3dulo 1<\/h4>\n<h4><\/h4>\n<h4>Curso dispon\u00edvel na modalidade online na plataforma parceira Taoismo.Online:<\/h4>\n<h4><a href=\"https:\/\/www.taoismo.com.br\/course\/ichingflordeameixeira\">I Ching Flor de Ameixeira<\/a><\/h4>\n<h4><span style=\"color: #993300;\">Professor:<\/span>\u00a0Wagner Canalonga<\/h4>\n","protected":false},"excerpt":{"rendered":"<p>O M\u00e9todo da Flor de Ameixeira iniciou-se nos prim\u00f3rdios da cultura chinesa e foi aperfei\u00e7oado, de maneira definitiva, pelo monge tao\u00edsta Shao Yong entre os anos 1000 a 1060 DC. Shao Yong \u00e9 considerado uma das maiores autoridades do I Ching. Dentre seus conceitos fundamentais est\u00e1 o valor essencial que atribuiu ao I Ching como &hellip; <\/p>\n<p><a class=\"more-link block-button\" href=\"https:\/\/sociedadetaoista.com.br\/sp\/cursos\/i-ching\/i-ching-flor-de-ameixeira-mei-hua-yi-shu\/\">Continue lendo &raquo;<\/a><\/p>\n","protected":false},"author":5,"featured_media":0,"parent":929,"menu_order":4,"comment_status":"closed","ping_status":"closed","template":"","meta":{"footnotes":""},"class_list":["post-2624","page","type-page","status-publish","hentry","nodate"],"_links":{"self":[{"href":"https:\/\/sociedadetaoista.com.br\/sp\/wp-json\/wp\/v2\/pages\/2624","targetHints":{"allow":["GET"]}}],"collection":[{"href":"https:\/\/sociedadetaoista.com.br\/sp\/wp-json\/wp\/v2\/pages"}],"about":[{"href":"https:\/\/sociedadetaoista.com.br\/sp\/wp-json\/wp\/v2\/types\/page"}],"author":[{"embeddable":true,"href":"https:\/\/sociedadetaoista.com.br\/sp\/wp-json\/wp\/v2\/users\/5"}],"replies":[{"embeddable":true,"href":"https:\/\/sociedadetaoista.com.br\/sp\/wp-json\/wp\/v2\/comments?post=2624"}],"version-history":[{"count":3,"href":"https:\/\/sociedadetaoista.com.br\/sp\/wp-json\/wp\/v2\/pages\/2624\/revisions"}],"predecessor-version":[{"id":5930,"href":"https:\/\/sociedadetaoista.com.br\/sp\/wp-json\/wp\/v2\/pages\/2624\/revisions\/5930"}],"up":[{"embeddable":true,"href":"https:\/\/sociedadetaoista.com.br\/sp\/wp-json\/wp\/v2\/pages\/929"}],"wp:attachment":[{"href":"https:\/\/sociedadetaoista.com.br\/sp\/wp-json\/wp\/v2\/media?parent=2624"}],"curies":[{"name":"wp","href":"https:\/\/api.w.org\/{rel}","templated":true}]}}