{"id":2629,"date":"2017-05-22T12:40:36","date_gmt":"2017-05-22T15:40:36","guid":{"rendered":"https:\/\/sociedadetaoista.com.br\/sp\/?page_id=2629"},"modified":"2025-01-06T19:46:02","modified_gmt":"2025-01-06T22:46:02","slug":"estudo-dos-quatro-caminhos","status":"publish","type":"page","link":"https:\/\/sociedadetaoista.com.br\/sp\/cursos\/i-ching\/estudo-dos-quatro-caminhos\/","title":{"rendered":"Estudo dos Quatro Caminhos"},"content":{"rendered":"<h4 style=\"text-align: justify;\">Circuito de estudo avan\u00e7ado dos 64 Hexagramas, a partir das transforma\u00e7\u00f5es denominadas de \u201cQuatro Caminhos: Pensamento, Sentimento, Realiza\u00e7\u00e3o e Ps\u00edquico\u201d.<\/h4>\n<h4 style=\"text-align: justify;\">O texto utilizado como apoio ser\u00e1 o \u201cZa Gua Zhuan &#8211; Hexagramas N\u00e3o-sequenciais\u201d, uma das 10 Asas do I Ching Cl\u00e1ssico.<\/h4>\n<h4 style=\"text-align: justify;\">Assim como no estudo b\u00e1sico dos 64 Hexagramas, este n\u00edvel tamb\u00e9m tem o seu desenvolvimento pr\u00e1tico apoiado nas oficinas de or\u00e1culo. Neste n\u00edvel, os alunos s\u00e3o treinados no M\u00e9todo de Leitura Direta, onde a resposta \u00e9 obtida exclusivamente dos s\u00edmbolos, sem qualquer consulta aos textos do I Ching.<\/h4>\n<h4 style=\"text-align: justify;\">Destinado aos alunos que j\u00e1 completaram a forma\u00e7\u00e3o b\u00e1sica no estudo dos 64 Hexagramas.<\/h4>\n<h4>\u00a0<\/h4>\n<h4 style=\"text-align: justify;\"><span style=\"color: #993300;\">Texto de apoio<\/span><\/h4>\n<h4 style=\"text-align: justify;\"><strong>\u201cZa Gua Zhuan &#8211; Hexagramas n\u00e3o-sequenciais\u201d ( \u96dc \u5366 \u50b3 )<\/strong><\/h4>\n<h4 style=\"text-align: justify;\">Tradu\u00e7\u00e3o de Zhou Jinqian e Wagner Canalonga, a partir do texto original em chin\u00eas, com os coment\u00e1rios de Lai Zhi De.<\/h4>\n<h4>\u00a0<\/h4>\n<h4 style=\"text-align: justify;\"><span style=\"color: #993300;\">Oficina de Leitura Direta<\/span><\/h4>\n<h4 style=\"text-align: justify;\">O <strong>M\u00e9todo de Leitura Direta<\/strong> \u00e9 uma t\u00e9cnica de or\u00e1culo que utiliza os mesmos m\u00e9todos tradicionais para a obten\u00e7\u00e3o do hexagrama-resposta (moedas, pedras, varetas), mas cuja interpreta\u00e7\u00e3o se apoia exclusivamente na leitura simb\u00f3lica da resposta, sem qualquer consulta aos textos do I Ching.<\/h4>\n<h4>\u00a0<\/h4>\n<h4 style=\"text-align: justify;\"><span style=\"color: #993300;\">Pr\u00e9-requisito<\/span><\/h4>\n<h4 style=\"text-align: justify;\">&#8211; Estudo b\u00e1sico dos 64 Hexagramas (m\u00ednimo de 50% dos hexagramas estudados)<\/h4>\n<h4>\u00a0<\/h4>\n<h4 style=\"text-align: justify;\"><span style=\"color: #993300;\">Professor:<\/span>\u00a0<a href=\"https:\/\/taoismo.org.br\/sociedade-taoista\/sacerdotes-e-professores\/wagner-canalonga\/\">Wagner Canalonga<\/a><\/h4>\n<p>\u00a0<\/p>\n<h4>Curso oferecido na modalidade online na plataforma parceira Taoismo.Online:<\/h4>\n<h4>&#8211; consulte programa\u00e7\u00e3o de novas turmas pelo <a href=\"https:\/\/wa.me\/5511996313005\">Whatsapp +55(11)99631-3005<\/a><\/h4>\n<p>\u00a0<\/p>\n<p>\u00a0<\/p>\n<h4 style=\"text-align: justify;\">\u00a0<\/h4>\n\n\n<p><\/p>\n\n\n\n<p><\/p>\n","protected":false},"excerpt":{"rendered":"<p>Circuito de estudo avan\u00e7ado dos 64 Hexagramas, a partir das transforma\u00e7\u00f5es denominadas de \u201cQuatro Caminhos: Pensamento, Sentimento, Realiza\u00e7\u00e3o e Ps\u00edquico\u201d. O texto utilizado como apoio ser\u00e1 o \u201cZa Gua Zhuan &#8211; Hexagramas N\u00e3o-sequenciais\u201d, uma das 10 Asas do I Ching Cl\u00e1ssico. Assim como no estudo b\u00e1sico dos 64 Hexagramas, este n\u00edvel tamb\u00e9m tem o seu &hellip; <\/p>\n<p><a class=\"more-link block-button\" href=\"https:\/\/sociedadetaoista.com.br\/sp\/cursos\/i-ching\/estudo-dos-quatro-caminhos\/\">Continue lendo &raquo;<\/a><\/p>\n","protected":false},"author":5,"featured_media":0,"parent":929,"menu_order":6,"comment_status":"closed","ping_status":"closed","template":"","meta":{"footnotes":""},"class_list":["post-2629","page","type-page","status-publish","hentry","nodate"],"_links":{"self":[{"href":"https:\/\/sociedadetaoista.com.br\/sp\/wp-json\/wp\/v2\/pages\/2629","targetHints":{"allow":["GET"]}}],"collection":[{"href":"https:\/\/sociedadetaoista.com.br\/sp\/wp-json\/wp\/v2\/pages"}],"about":[{"href":"https:\/\/sociedadetaoista.com.br\/sp\/wp-json\/wp\/v2\/types\/page"}],"author":[{"embeddable":true,"href":"https:\/\/sociedadetaoista.com.br\/sp\/wp-json\/wp\/v2\/users\/5"}],"replies":[{"embeddable":true,"href":"https:\/\/sociedadetaoista.com.br\/sp\/wp-json\/wp\/v2\/comments?post=2629"}],"version-history":[{"count":2,"href":"https:\/\/sociedadetaoista.com.br\/sp\/wp-json\/wp\/v2\/pages\/2629\/revisions"}],"predecessor-version":[{"id":5932,"href":"https:\/\/sociedadetaoista.com.br\/sp\/wp-json\/wp\/v2\/pages\/2629\/revisions\/5932"}],"up":[{"embeddable":true,"href":"https:\/\/sociedadetaoista.com.br\/sp\/wp-json\/wp\/v2\/pages\/929"}],"wp:attachment":[{"href":"https:\/\/sociedadetaoista.com.br\/sp\/wp-json\/wp\/v2\/media?parent=2629"}],"curies":[{"name":"wp","href":"https:\/\/api.w.org\/{rel}","templated":true}]}}