{"id":29,"date":"2012-10-16T09:56:43","date_gmt":"2012-10-16T12:56:43","guid":{"rendered":"https:\/\/sociedadetaoista.com.br\/sp\/?page_id=29"},"modified":"2025-09-01T01:02:39","modified_gmt":"2025-09-01T04:02:39","slug":"atividades","status":"publish","type":"page","link":"https:\/\/sociedadetaoista.com.br\/sp\/atividades\/","title":{"rendered":"Atividades"},"content":{"rendered":"<h3>Atualmente a Sociedade Tao\u00edsta SP oferece atividades na modalidade online atrav\u00e9s da plataforma parceira <a href=\"http:\/\/taoismo.online\"><strong>Taoismo.Online<\/strong><\/a>.<\/h3>\n<p style=\"text-align: center;\"><a href=\"http:\/\/www.taoismo.online\"><img loading=\"lazy\" decoding=\"async\" class=\"alignnone size-medium wp-image-6212\" src=\"https:\/\/sociedadetaoista.com.br\/sp\/wp-content\/uploads\/2025\/09\/Logo-Taoismo-Online-transparente-300x77.png\" alt=\"\" width=\"300\" height=\"77\" srcset=\"https:\/\/sociedadetaoista.com.br\/sp\/wp-content\/uploads\/2025\/09\/Logo-Taoismo-Online-transparente-300x77.png 300w, https:\/\/sociedadetaoista.com.br\/sp\/wp-content\/uploads\/2025\/09\/Logo-Taoismo-Online-transparente.png 585w\" sizes=\"auto, (max-width: 300px) 100vw, 300px\" \/><\/a><\/p>\n<h3>As atividades presenciais s\u00e3o oferecidas em datas e locais informados atrav\u00e9s do grupo de <strong><a href=\"https:\/\/chat.whatsapp.com\/LLQkECDtH9q99xN5EVxxHZ\">Whatsapp Programa\u00e7\u00e3o Sociedade Taoista SP e Taoismo Online<\/a><\/strong>. Ingresse no grupo e receba estas informa\u00e7\u00f5es regularmente.\u00a0<\/h3>\n<h3>Al\u00e9m disso, tamb\u00e9m atendemos a v\u00e1rias solicita\u00e7\u00f5es externas, como palestras, cursos e entrevistas.<\/h3>\n<div>\n<div>\u00a0<\/div>\n<\/div>\n<hr \/>\n<h1><span style=\"color: #800000;\"><strong>Atendimentos<\/strong><\/span><\/h1>\n<h2>\u00a0<\/h2>\n<h2><span style=\"color: #800000;\"><strong>Com Lu de Carvalho<\/strong><\/span><\/h2>\n<ul>\n<li>\n<h3>Florais de Bach<\/h3>\n<\/li>\n<li>\n<h3>Reequil\u00edbrio Som\u00e1tico<\/h3>\n<\/li>\n<\/ul>\n<h3><strong><em>Entre em contato para saber mais. <a href=\"https:\/\/wa.me\/5511996313005\">Whatsapp (11)99631-3005<\/a>.<\/em><\/strong><\/h3>\n<hr \/>\n<h2>\u00a0<\/h2>\n<h2><span style=\"color: #800000;\"><strong>Com Wagner Canalonga<\/strong><\/span><\/h2>\n<h3><strong>Atendimentos presenciais<\/strong><\/h3>\n<h3>A consulta presencial \u00e9 feita em ambiente reservado, onde somente est\u00e3o presentes o consultor e o consulente (outras pessoas s\u00f3 podem estar presentes com o consentimento do consulente). Todo o conte\u00fado abordado fica restrito ao ambiente de consulta e \u00e9 garantido o absoluto sigilo das informa\u00e7\u00f5es por parte do consultor. \u00c9 fortemente recomendado que o consultente grave a sua consulta.<\/h3>\n<h3><strong>Atendimentos online<\/strong><\/h3>\n<h3>As consultas online s\u00e3o feitas preferencialmente pelo Zoom, onde podem ser gravadas pelo consulente. Consultas feitas pelo Google Meet e Whatsapp n\u00e3o permitem a grava\u00e7\u00e3o pelo aplicativo.<\/h3>\n<h2>\u00a0<\/h2>\n<h2><span style=\"color: #800000;\"><strong>I Ching \u2013 Or\u00e1culo Tao\u00edsta<\/strong><\/span><\/h2>\n<h3>A consulta ao I Ching como Or\u00e1culo \u00e9 uma pr\u00e1tica altamente prestigiada pelos mestres tao\u00edstas. Durante a consulta, s\u00e3o feitas perguntas objetivas ao Or\u00e1culo, que responde atrav\u00e9s de s\u00edmbolos, interpretados pelo consultor. Os s\u00edmbolos do I Ching revelam como se configura o equil\u00edbrio de for\u00e7as Yin e Yang na situa\u00e7\u00e3o observada. Assim, mostram as a\u00e7\u00f5es mais harm\u00f4nicas ou desarm\u00f4nicas com a circunst\u00e2ncia, indicando os caminhos mais favor\u00e1veis a seguir.<\/h3>\n<h3>Com dura\u00e7\u00e3o aproximada de uma hora, a consulta oferece a possibilidade para que se fa\u00e7am v\u00e1rias perguntas ao Or\u00e1culo, neste tempo. Assim, podem ser abordados assuntos diferentes ou aprofundar aspectos de um mesmo tema.<\/h3>\n<h2>\u00a0<\/h2>\n<h2><strong><span style=\"color: #800000;\">Astrologia Chinesa (<em>Zi Wei Dou Shu<\/em>)<\/span><\/strong><\/h2>\n<h3>H\u00e1 duas modalidades de leitura: mapa natal e tr\u00e2nsitos:<\/h3>\n<h3><strong><span style=\"color: #800000;\">MAPA NATAL<\/span><\/strong><\/h3>\n<h3>Na leitura do Mapa Natal s\u00e3o levantadas caracter\u00edsticas gerais do consulente, como tend\u00eancias de temperamento, prefer\u00eancias, aberturas e dificuldades no destino, em rela\u00e7\u00e3o aos v\u00e1rios assuntos da vida (relacionamentos, carreira, prosperidade, sa\u00fade\u2026). \u00c9 uma leitura profunda e abrangente, cujas orienta\u00e7\u00f5es s\u00e3o v\u00e1lidas para toda a vida do consulente.<\/h3>\n<h3><span style=\"color: #800000;\"><strong>TR\u00c2NSITOS<\/strong><\/span><\/h3>\n<h3>J\u00e1 na leitura dos Tr\u00e2nsitos, s\u00e3o apresentadas as influ\u00eancias astrais durante per\u00edodos espec\u00edficos, de 1 ano (tr\u00e2nsito anual) ou dos ciclos de 10 anos (Grande Limite) do consulente. Estas influ\u00eancias transit\u00f3rias\u00a0 podem intensificar ou atenuar as caracter\u00edsticas observadas no Mapa Natal, refletindo a din\u00e2mica das transforma\u00e7\u00f5es que vivemos ao longo do tempo.<\/h3>\n<h3>O conjunto das informa\u00e7\u00f5es obtidas nas leituras do Mapa Natal e dos Tr\u00e2nsitos podem ser extremamente \u00fateis, tanto na dire\u00e7\u00e3o do trabalho de autoconhecimento, quanto no planejamento de a\u00e7\u00f5es no curto, m\u00e9dio e longo prazos.<\/h3>\n<h3>Conhecendo os &#8220;Mapas do Destino&#8221; podemos fluir de forma mais harm\u00f4nica e s\u00e1bia pelo nosso Caminho!<\/h3>\n<h2>\u00a0<\/h2>\n<h2><span style=\"color: #800000;\"><strong>Acupuntura<\/strong><\/span><\/h2>\n<h3>Os atendimentos de acupuntura com <a title=\"Wagner Canalonga\" href=\"http:\/\/sociedadetaoista.com.br\/blog\/sociedade-taoista\/sacerdotes-e-professores\/wagner-canalonga\/\">Wagner Canalonga<\/a> acontecem presencialmente \u00e0s segundas, das 9h \u00e0s 13h, e ter\u00e7as, das 9h \u00e0s 16h. Para saber mais sobre a acupuntura e os benef\u00edcios que ela pode proporcionar \u00e0 sua sa\u00fade, <a title=\"Artes da Sa\u00fade\" href=\"http:\/\/sociedadetaoista.com.br\/blog\/taoismo\/artes-da-saude\/\">clique aqui<\/a>.<\/h3>\n<h3>Saiba mais sobre o professor <strong><a title=\"Wagner Canalonga\" href=\"http:\/\/sociedadetaoista.com.br\/blog\/sociedade-taoista\/sacerdotes-e-professores\/wagner-canalonga\/\">Wagner Canalonga<\/a><\/strong><\/h3>\n<hr \/>\n<h2><span style=\"color: #800000;\"><strong>INFORMA\u00c7\u00d5ES E AGENDAMENTOS:<\/strong><\/span><\/h2>\n<h2><strong>Fone\/Whatsapp:<\/strong> <a href=\"https:\/\/wa.me\/5511996313005\"><strong>+55(11)9631-3005<\/strong><\/a><\/h2>\n<hr \/>\n\n\n<p><\/p>\n\n\n\n<p><\/p>\n\n\n\n<p><\/p>\n","protected":false},"excerpt":{"rendered":"<p>Atualmente a Sociedade Tao\u00edsta SP oferece atividades na modalidade online atrav\u00e9s da plataforma parceira Taoismo.Online. As atividades presenciais s\u00e3o oferecidas em datas e locais informados atrav\u00e9s do grupo de Whatsapp Programa\u00e7\u00e3o Sociedade Taoista SP e Taoismo Online. Ingresse no grupo e receba estas informa\u00e7\u00f5es regularmente.\u00a0 Al\u00e9m disso, tamb\u00e9m atendemos a v\u00e1rias solicita\u00e7\u00f5es externas, como palestras, &hellip; <\/p>\n<p><a class=\"more-link block-button\" href=\"https:\/\/sociedadetaoista.com.br\/sp\/atividades\/\">Continue lendo &raquo;<\/a><\/p>\n","protected":false},"author":5,"featured_media":0,"parent":0,"menu_order":1,"comment_status":"open","ping_status":"open","template":"","meta":{"footnotes":""},"class_list":["post-29","page","type-page","status-publish","hentry","nodate"],"_links":{"self":[{"href":"https:\/\/sociedadetaoista.com.br\/sp\/wp-json\/wp\/v2\/pages\/29","targetHints":{"allow":["GET"]}}],"collection":[{"href":"https:\/\/sociedadetaoista.com.br\/sp\/wp-json\/wp\/v2\/pages"}],"about":[{"href":"https:\/\/sociedadetaoista.com.br\/sp\/wp-json\/wp\/v2\/types\/page"}],"author":[{"embeddable":true,"href":"https:\/\/sociedadetaoista.com.br\/sp\/wp-json\/wp\/v2\/users\/5"}],"replies":[{"embeddable":true,"href":"https:\/\/sociedadetaoista.com.br\/sp\/wp-json\/wp\/v2\/comments?post=29"}],"version-history":[{"count":35,"href":"https:\/\/sociedadetaoista.com.br\/sp\/wp-json\/wp\/v2\/pages\/29\/revisions"}],"predecessor-version":[{"id":6217,"href":"https:\/\/sociedadetaoista.com.br\/sp\/wp-json\/wp\/v2\/pages\/29\/revisions\/6217"}],"wp:attachment":[{"href":"https:\/\/sociedadetaoista.com.br\/sp\/wp-json\/wp\/v2\/media?parent=29"}],"curies":[{"name":"wp","href":"https:\/\/api.w.org\/{rel}","templated":true}]}}