{"id":931,"date":"2014-01-26T10:36:23","date_gmt":"2014-01-26T12:36:23","guid":{"rendered":"https:\/\/sociedadetaoista.com.br\/sp\/?page_id=931"},"modified":"2025-01-02T15:25:19","modified_gmt":"2025-01-02T18:25:19","slug":"filosofia-taoista","status":"publish","type":"page","link":"https:\/\/sociedadetaoista.com.br\/sp\/cursos\/filosofia-taoista\/","title":{"rendered":"Filosofia Tao\u00edsta"},"content":{"rendered":"<h2><span style=\"color: #993300;\"><span style=\"color: #993300;\">CURSO DE INTRODU\u00c7\u00c3O \u00c0 FILOSOFIA TAO\u00cdSTA<\/span><\/span><\/h2>\n<h3>Abra\u00e7ando o Grande Tao!<\/h3>\n<h4>Este curso oferece uma vis\u00e3o abrangente e integrada sobre o pensamento dos antigos mestres tao\u00edstas a respeito do mundo, do homem e da rela\u00e7\u00e3o harm\u00f4nica entre estes dois. Organizado em tr\u00eas m\u00f3dulos seq\u00fcenciais, o curso adota uma estrutura similar \u00e0 da \u201c\u00e1rvore\u201d formada pelas <strong>Tr\u00eas Obras do Mist\u00e9rio da Tradi\u00e7\u00e3o Tao\u00edsta<\/strong>: <strong>Yi Jing (I Ching)<\/strong> (ra\u00edzes), <strong>Tao Te Ching<\/strong> (tronco) e <strong>Nan Hua Ching<\/strong> (copa).<\/h4>\n<h4>O primeiro m\u00f3dulo, <strong>\u201cRa\u00edzes do Mist\u00e9rio\u201d<\/strong>, apresenta a filosofia do Yi Jing (I Ching) \u2013 o Tratado das Muta\u00e7\u00f5es \u2013 que oferece a base fundamental para uma compreens\u00e3o aut\u00eantica dos ensinamentos do caminho tao\u00edsta. Tendo firmes suas ra\u00edzes, a planta pode crescer com for\u00e7a e vigor, mesmo em um ambiente cheio de tormentas e tempestades.<\/h4>\n<h4>No m\u00f3dulo 2, observamos a manifesta\u00e7\u00e3o do homem no mundo, vivendo e percorrendo o espa\u00e7o que lhe cabe <strong>\u201cEntre o C\u00e9u e a Terra\u201d<\/strong>. Nem tanto ao c\u00e9u, nem tanto \u00e0 terra, nosso caminho \u00e9 limitado por estes dois grandes da natureza. Assim, quanto mais nossa conduta se aproxima dos extremos, mais restrita fica a nossa margem de atua\u00e7\u00e3o. E quanto mais pr\u00f3ximos do centro nos colocamos, mais fluido e desimpedido torna-se o nosso caminho no mundo. Assim, o equil\u00edbrio torna-se o eixo principal para uma vida plena e \u00edntegra. Neste m\u00f3dulo, estudamos v\u00e1rias maneiras de cultivar o equil\u00edbrio, no interior e no exterior.<\/h4>\n<h4>O terceiro e \u00faltimo m\u00f3dulo, <strong>\u201cCavalgar o Vento\u201d<\/strong>, apresenta os princ\u00edpios filos\u00f3ficos dos principais caminhos de transcend\u00eancia espiritual, trilhados e revelados pelos antigos mestres tao\u00edstas. Espiritualidade, religi\u00e3o, vida e morte, transcend\u00eancia\u2026 Como o Tao\u00edsmo responde \u00e0s grandes quest\u00f5es existenciais do homem de todos os tempos?<\/h4>\n<h4>Ao longo dos tr\u00eas m\u00f3dulos, v\u00e1rias \u00e1reas de conhecimento s\u00e3o exploradas simultaneamente. Entretanto, apresentando o Tao\u00edsmo como um corpo harmonicamente integrado, o curso mostra como as v\u00e1rias vertentes da sabedoria tao\u00edsta se encontram, dialogam e se completam em perfeita sintonia. Al\u00e9m disso, a cada m\u00f3dulo os interessados s\u00e3o orientados sobre como aprofundar seu conhecimento e desenvolver-se em cada uma das vertentes abordadas.<\/h4>\n<h4>Uma grande abertura no Caminho!<\/h4>\n<h4>Informe-se sobre os 3 m\u00f3dulos deste curso e inscreva-se!<\/h4>\n<ul>\n<li>\n<h3><strong><a href=\"https:\/\/www.taoismo.com.br\/course\/ft12022b\">M\u00f3dulo 1 \u2013 RA\u00cdZES DO MIST\u00c9RIO<\/a><\/strong><\/h3>\n<\/li>\n<li>\n<h3><a href=\"https:\/\/www.taoismo.com.br\/course\/filosofia-2-jun19\"><strong>M\u00f3dulo 2 \u2013 ENTRE O C\u00c9U E A TERRA<\/strong><\/a><\/h3>\n<\/li>\n<li>\n<h3><a href=\"https:\/\/www.taoismo.com.br\/course\/filosofia123\"><strong>M\u00f3dulo 3 \u2013 CAVALGAR O VENTO<\/strong><\/a><\/h3>\n<\/li>\n<\/ul>\n<h3>\u00a0<\/h3>\n<h3>Professor:\u00a0<a title=\"Wagner Canalonga\" href=\"http:\/\/sociedadetaoista.com.br\/blog\/sociedade-taoista\/sacerdotes-e-professores\/wagner-canalonga\/\">Wagner Canalonga<\/a><\/h3>\n<h4>\u00a0<\/h4>\n<hr \/>\n<h3>\u00a0<\/h3>\n<h2><span style=\"color: #800000;\"><strong>CURSOS COM OUTROS TEMAS SOB A VIS\u00c3O TAO\u00cdSTA<\/strong><\/span><\/h2>\n<h4>\u00a0<\/h4>\n<h4>Informe-se tamb\u00e9m sobre outros cursos online dispon\u00edveis, abordando a filosofia taoista:<\/h4>\n<ul>\n<li>\n<h4><a href=\"https:\/\/www.taoismo.com.br\/course\/olhodefogo\"><strong>O OLHO DE FOGO<\/strong><\/a> &#8211; Megatend\u00eancias sobre o per\u00edodo astrol\u00f3gico de 2024 a 2043<\/h4>\n<\/li>\n<li>\n<h4><a href=\"https:\/\/www.taoismo.com.br\/course\/masterclass-sincronicidade\"><strong>ECOS DO TAO<\/strong><\/a> &#8211; A sincronicidade sob a perspectiva de Jung e do Tao\u00edsmo<\/h4>\n<\/li>\n<li>\n<h4><a href=\"https:\/\/www.taoismo.com.br\/course\/visao-taoista-da-morte\"><strong>A MORTE NA VIS\u00c3O TAO\u00cdSTA<\/strong><\/a> &#8211; A perspectiva tao\u00edsta sobre vida, morte, transforma\u00e7\u00e3o e transcend\u00eancia<\/h4>\n<\/li>\n<li>\n<h4><a href=\"https:\/\/www.taoismo.com.br\/course\/zhuang-zi\"><strong>O LIVRE E LEVE VAGAR DE ZHUANG ZI<\/strong><\/a> &#8211; Ensinamentos do grande s\u00e1bio taoista Zhuang Zi<\/h4>\n<\/li>\n<\/ul>\n<h3>\u00a0<\/h3>\n<h3>Mais informa\u00e7\u00f5es pelo <a href=\"https:\/\/wa.me\/5511996313005\"><strong>Whatsapp +55(11)99631-3005<\/strong><\/a><\/h3>\n<h4>\u00a0<\/h4>\n\n\n<p><\/p>\n","protected":false},"excerpt":{"rendered":"<p>CURSO DE INTRODU\u00c7\u00c3O \u00c0 FILOSOFIA TAO\u00cdSTA Abra\u00e7ando o Grande Tao! Este curso oferece uma vis\u00e3o abrangente e integrada sobre o pensamento dos antigos mestres tao\u00edstas a respeito do mundo, do homem e da rela\u00e7\u00e3o harm\u00f4nica entre estes dois. Organizado em tr\u00eas m\u00f3dulos seq\u00fcenciais, o curso adota uma estrutura similar \u00e0 da \u201c\u00e1rvore\u201d formada pelas Tr\u00eas &hellip; <\/p>\n<p><a class=\"more-link block-button\" href=\"https:\/\/sociedadetaoista.com.br\/sp\/cursos\/filosofia-taoista\/\">Continue lendo &raquo;<\/a><\/p>\n","protected":false},"author":5,"featured_media":0,"parent":45,"menu_order":1,"comment_status":"open","ping_status":"open","template":"","meta":{"footnotes":""},"class_list":["post-931","page","type-page","status-publish","hentry","nodate"],"_links":{"self":[{"href":"https:\/\/sociedadetaoista.com.br\/sp\/wp-json\/wp\/v2\/pages\/931","targetHints":{"allow":["GET"]}}],"collection":[{"href":"https:\/\/sociedadetaoista.com.br\/sp\/wp-json\/wp\/v2\/pages"}],"about":[{"href":"https:\/\/sociedadetaoista.com.br\/sp\/wp-json\/wp\/v2\/types\/page"}],"author":[{"embeddable":true,"href":"https:\/\/sociedadetaoista.com.br\/sp\/wp-json\/wp\/v2\/users\/5"}],"replies":[{"embeddable":true,"href":"https:\/\/sociedadetaoista.com.br\/sp\/wp-json\/wp\/v2\/comments?post=931"}],"version-history":[{"count":10,"href":"https:\/\/sociedadetaoista.com.br\/sp\/wp-json\/wp\/v2\/pages\/931\/revisions"}],"predecessor-version":[{"id":5920,"href":"https:\/\/sociedadetaoista.com.br\/sp\/wp-json\/wp\/v2\/pages\/931\/revisions\/5920"}],"up":[{"embeddable":true,"href":"https:\/\/sociedadetaoista.com.br\/sp\/wp-json\/wp\/v2\/pages\/45"}],"wp:attachment":[{"href":"https:\/\/sociedadetaoista.com.br\/sp\/wp-json\/wp\/v2\/media?parent=931"}],"curies":[{"name":"wp","href":"https:\/\/api.w.org\/{rel}","templated":true}]}}