{"id":940,"date":"2014-01-26T10:50:34","date_gmt":"2014-01-26T12:50:34","guid":{"rendered":"https:\/\/sociedadetaoista.com.br\/sp\/?page_id=940"},"modified":"2025-09-03T23:56:13","modified_gmt":"2025-09-04T02:56:13","slug":"qi-gong-2","status":"publish","type":"page","link":"https:\/\/sociedadetaoista.com.br\/sp\/cursos\/qi-gong-2\/","title":{"rendered":"Qi Gong"},"content":{"rendered":"\n<h1 class=\"wp-block-heading\"><strong>O QUE \u00c9 QI GONG?<\/strong><\/h1>\n\n\n\n<h4 class=\"wp-block-heading\">\u00c9 um dos ramos de conhecimento da Medicina Tradicional Chinesa.<\/h4>\n\n\n\n<h4 class=\"wp-block-heading\">Qi (chi) tem sentido de sopro vital, energia. Gong (kun) \u00e9 habilidade, treinamento, m\u00e9todo.<\/h4>\n\n\n\n<h4 class=\"wp-block-heading\">Qi Gong \u00e9 um sistema de pr\u00e1ticas onde a coordena\u00e7\u00e3o dos movimentos externos e internos cultiva a nossa estrutura energ\u00e9tica e potencializa a capacidade de auto regula\u00e7\u00e3o do organismo atrav\u00e9s do movimento consciente, da respira\u00e7\u00e3o e da inten\u00e7\u00e3o correta da mente.<\/h4>\n\n\n\n<h4 class=\"wp-block-heading\">A pr\u00e1tica constante de Qi Gong beneficia a sa\u00fade e o equil\u00edbrio dos aspectos f\u00edsico, ps\u00edquico, energ\u00e9tico e espiritual.<\/h4>\n\n\n\n<p><\/p>\n\n\n\n<p><\/p>\n\n\n\n<h2 class=\"wp-block-heading\"><strong>OBJETIVOS DO QI GONG:<\/strong><\/h2>\n\n\n\n<h4 class=\"wp-block-heading\">* Proporcionar sa\u00fade, vitalidade, auto-conhecimento e desenvolvimento humano;<\/h4>\n\n\n\n<h4 class=\"wp-block-heading\">* Integrar corpo e mente, favorecer a percep\u00e7\u00e3o e a consci\u00eancia corporal e energ\u00e9tica;<\/h4>\n\n\n\n<h4 class=\"wp-block-heading\">* Auxiliar na regula\u00e7\u00e3o do t\u00f4nus corporal desbloqueando tens\u00f5es, atuando sobre as articula\u00e7\u00f5es e os m\u00fasculos;<\/h4>\n\n\n\n<h4 class=\"wp-block-heading\">* Eliminar estagna\u00e7\u00f5es do qi e do sangue; nutrir os \u00f3rg\u00e3os e as v\u00edsceras;<\/h4>\n\n\n\n<h4 class=\"wp-block-heading\">* Fortalecer o sistema imunol\u00f3gico;<\/h4>\n\n\n\n<h4 class=\"wp-block-heading\">* Exercitar a respira\u00e7\u00e3o ampla e profunda;<\/h4>\n\n\n\n<h4 class=\"wp-block-heading\">* Harmonizar as emo\u00e7\u00f5es e a mente atrav\u00e9s da medita\u00e7\u00e3o<\/h4>\n\n\n\n<p><\/p>\n\n\n\n<h2 class=\"wp-block-heading\"><\/h2>\n\n\n\n<hr class=\"wp-block-separator has-alpha-channel-opacity\"\/>\n\n\n\n<p><\/p>\n\n\n\n<h1 class=\"wp-block-heading has-vivid-red-color has-text-color has-link-color wp-elements-02a6ac77e4ce2e3bf1b258329639ac72\"><strong>O CAMINHO DO QI GONG<\/strong><\/h1>\n\n\n\n<h2 class=\"wp-block-heading has-vivid-red-color has-text-color has-link-color wp-elements-cccdf18b24bf8d774a391f22d8c6962e\"><strong>PROGRAMA DE QI GONG E MEDITA\u00c7\u00c3O TAOISTA<\/strong><\/h2>\n\n\n\n<h2 class=\"wp-block-heading has-vivid-red-color has-text-color has-link-color wp-elements-1e0e92926908ef2e3b24a38701036a4f\"><strong>Escolas Wu Jyh Cherng &#8211; Wu Dang &#8211; Bi Yun<\/strong><\/h2>\n\n\n\n<p><\/p>\n\n\n\n<h4 class=\"wp-block-heading\">O Programa de Qi Gong e Medita\u00e7\u00e3o Taoista com a Prof\u00aa Lu de Carvalho contempla conhecimentos te\u00f3ricos e pr\u00e1ticos, filosoficos e t\u00e9cnicos da milenar sabedoria tao\u00edsta.<\/h4>\n\n\n\n<p><\/p>\n\n\n\n<h4 class=\"wp-block-heading\">Os ensinamentos deste programa foram transmitidos pelos renomados Mestres:<\/h4>\n\n\n\n<h4 class=\"wp-block-heading\">* Wu Jyh Cherng &#8211; Mestre fundador da Sociedade Taoista e da linhagem que leva o seu nome<\/h4>\n\n\n\n<h4 class=\"wp-block-heading\">* Wu Dang Chen &#8211; Mestre da Escola Tradicional de Wu Dang e<\/h4>\n\n\n\n<h4 class=\"wp-block-heading\">* Fan Xiulan &#8211; Mestra fundadora da Escola Bi Yun<\/h4>\n\n\n\n<p><\/p>\n\n\n\n<h4 class=\"wp-block-heading\">As pr\u00e1ticas deste Programa de Qi Gong se adaptam \u00e0s diversas necessidades e objetivos individuais, abrangendo:<\/h4>\n\n\n\n<h4 class=\"wp-block-heading\">* cuidados com a sa\u00fade integral corpo-mente-consci\u00eancia,<\/h4>\n\n\n\n<h4 class=\"wp-block-heading\">* nutri\u00e7\u00e3o, cultivo e desenvolvimento da energia Qi (for\u00e7a vital)<\/h4>\n\n\n\n<h4 class=\"wp-block-heading\">* cultivo da vitalidade e longevidade,<\/h4>\n\n\n\n<h4 class=\"wp-block-heading\">* autoconhecimento,<\/h4>\n\n\n\n<h4 class=\"wp-block-heading\">* desenvolvimento pessoal e espiritual.<\/h4>\n\n\n\n<h4 class=\"wp-block-heading\" style=\"font-size:0px\">* desenvolvimento pessoal e espiritual.<\/h4>\n\n\n\n<h4 class=\"wp-block-heading\">O Programa contempla aulas pr\u00e1ticas, princ\u00edpios te\u00f3rico-filos\u00f3ficos e material pedag\u00f3gico de qualidade que embasam e favorecem o aprendizado e a apropria\u00e7\u00e3o dos conte\u00fados e ensinamentos.<\/h4>\n\n\n\n<h4 class=\"wp-block-heading\">Oferecido atualmente na modalidade ONLINE, o Programa de Qi Gong, inclui:<\/h4>\n\n\n\n<h4 class=\"wp-block-heading\">* Aulas regulares semanais<\/h4>\n\n\n\n<h4 class=\"wp-block-heading\">* M\u00f3dulos Especiais que oferecem estudos te\u00f3ricos e pr\u00e1ticos sobre as diversas t\u00e9cnicas e ensinamentos das 3 Linhagens do Programa.<\/h4>\n\n\n\n<h4 class=\"wp-block-heading\">* Todas as aulas s\u00e3o transmitida AO VIVO e as grava\u00e7\u00f5es ficam dispon\u00edveis para acesso posterior na Plataforma Taoismo Online.<\/h4>\n\n\n\n<p><\/p>\n\n\n\n<h4 class=\"wp-block-heading\">Conhe\u00e7a todo o conte\u00fado do Programa de Qi Gong e Medita\u00e7\u00e3o Tao\u00edsta das Escolas Wu Jyh Cherng &#8211; Wu Dang \u2013 Bi Yun no link abaixo:<\/h4>\n\n\n\n<p><\/p>\n\n\n\n<h2 class=\"wp-block-heading has-text-align-center\"><strong><a href=\"https:\/\/www.taoismo.com.br\/caminhos-do-qi-gong\">Programa de Qi Gong e Medita\u00e7\u00e3o Tao\u00edsta<\/a><\/strong><\/h2>\n\n\n\n<p><\/p>\n\n\n\n<h4 class=\"wp-block-heading\"><strong>Coordena\u00e7\u00e3o e condu\u00e7\u00e3o:  <a href=\"https:\/\/sociedadetaoista.com.br\/sp\/3558-2\/\" target=\"_blank\" rel=\"noreferrer noopener\">Prof\u00aa Lu de Carvalho<\/a><\/strong><\/h4>\n\n\n\n<p><\/p>\n\n\n\n<p><\/p>\n\n\n\n<hr class=\"wp-block-separator has-alpha-channel-opacity\"\/>\n\n\n\n<h1 class=\"wp-block-heading\"><strong>O Qigong do Tao\u00edsmo de Xiantianwujimen<\/strong><\/h1>\n\n\n\n<h4 class=\"wp-block-heading\">Xiantianwujimen \u00e9 uma linhagem tao\u00edsta fundada por Chen Xiyi no s\u00e9culo X na China. &#8220;Xiantian&#8221; significa primordial, &#8220;Wuji&#8221; significa ilimitado, e &#8220;Men&#8221; significa port\u00e3o. O nome traduzido da linhagem \u00e9 Port\u00e3o Ilimitado Primordial.<\/h4>\n\n\n\n<h4 class=\"wp-block-heading\"><br>Esta linhagem \u00e9 especializada em usar o Qigong para cultivar e transformar simultaneamente corpo e mente. Uma tradi\u00e7\u00e3o eremita e dom\u00e9stica, Xiantianwujimen tem sido transmitida ininterruptamente por mais de mil anos.<\/h4>\n\n\n\n<h4 class=\"wp-block-heading\">As t\u00e9cnicas de Qigong oferecidas por esta linhagem incluem auto massagem, transforma\u00e7\u00e3o dos tend\u00f5es, calistenia, lavagem da medula e regulagem da respira\u00e7\u00e3o.<\/h4>\n\n\n\n<h4 class=\"wp-block-heading\"><br>A instru\u00e7\u00e3o do Qigong Xiantianwjimen \u00e9 oferecida por Eva Wong, uma portadora da 19\u00ba gera\u00e7\u00e3o da linhagem, e por instrutores autorizados pela linhagem. Para mais informa\u00e7\u00f5es sobre os ensinamentos e programas oferecidos pelo Taoismo Xiantianwujimen por favor veja o site:<\/h4>\n\n\n\n<h3 class=\"wp-block-heading has-text-align-center\"><br><a href=\"https:\/\/sociedadetaoista.com.br\/sp\/qigong-xiantianwujimen-2\/\"><strong>Qigong da Escola Xiantianwujimen<\/strong><\/a><\/h3>\n\n\n\n<h2 class=\"wp-block-heading\"><\/h2>\n\n\n\n<h2 class=\"wp-block-heading\"><\/h2>\n\n\n\n<h4 class=\"wp-block-heading\">Instrutores: <a href=\"https:\/\/sociedadetaoista.com.br\/sp\/eunice-adachi\/\">Eunice Adachi<\/a> e <a href=\"https:\/\/sociedadetaoista.com.br\/sp\/andre-lacroce\/\">Andr\u00e9 Lacroce<\/a><\/h4>\n\n\n\n<h2 class=\"wp-block-heading\"><\/h2>\n\n\n\n<p><\/p>\n\n\n\n<h4 class=\"wp-block-heading\"><a href=\"https:\/\/sociedadetaoista.com.br\/sp\/qigong-xiantianwujimen-2\/\">Acompanhe a agenda de cursos<\/a><\/h4>\n\n\n\n<h2 class=\"wp-block-heading\"><\/h2>\n\n\n\n<hr class=\"wp-block-separator has-alpha-channel-opacity\"\/>\n","protected":false},"excerpt":{"rendered":"<p>O QUE \u00c9 QI GONG? \u00c9 um dos ramos de conhecimento da Medicina Tradicional Chinesa. Qi (chi) tem sentido de sopro vital, energia. Gong (kun) \u00e9 habilidade, treinamento, m\u00e9todo. Qi Gong \u00e9 um sistema de pr\u00e1ticas onde a coordena\u00e7\u00e3o dos movimentos externos e internos cultiva a nossa estrutura energ\u00e9tica e potencializa a capacidade de auto &hellip; <\/p>\n<p><a class=\"more-link block-button\" href=\"https:\/\/sociedadetaoista.com.br\/sp\/cursos\/qi-gong-2\/\">Continue lendo &raquo;<\/a><\/p>\n","protected":false},"author":5,"featured_media":0,"parent":45,"menu_order":4,"comment_status":"open","ping_status":"open","template":"","meta":{"footnotes":""},"class_list":["post-940","page","type-page","status-publish","hentry","nodate"],"_links":{"self":[{"href":"https:\/\/sociedadetaoista.com.br\/sp\/wp-json\/wp\/v2\/pages\/940","targetHints":{"allow":["GET"]}}],"collection":[{"href":"https:\/\/sociedadetaoista.com.br\/sp\/wp-json\/wp\/v2\/pages"}],"about":[{"href":"https:\/\/sociedadetaoista.com.br\/sp\/wp-json\/wp\/v2\/types\/page"}],"author":[{"embeddable":true,"href":"https:\/\/sociedadetaoista.com.br\/sp\/wp-json\/wp\/v2\/users\/5"}],"replies":[{"embeddable":true,"href":"https:\/\/sociedadetaoista.com.br\/sp\/wp-json\/wp\/v2\/comments?post=940"}],"version-history":[{"count":54,"href":"https:\/\/sociedadetaoista.com.br\/sp\/wp-json\/wp\/v2\/pages\/940\/revisions"}],"predecessor-version":[{"id":6263,"href":"https:\/\/sociedadetaoista.com.br\/sp\/wp-json\/wp\/v2\/pages\/940\/revisions\/6263"}],"up":[{"embeddable":true,"href":"https:\/\/sociedadetaoista.com.br\/sp\/wp-json\/wp\/v2\/pages\/45"}],"wp:attachment":[{"href":"https:\/\/sociedadetaoista.com.br\/sp\/wp-json\/wp\/v2\/media?parent=940"}],"curies":[{"name":"wp","href":"https:\/\/api.w.org\/{rel}","templated":true}]}}