{"id":945,"date":"2014-01-26T10:59:00","date_gmt":"2014-01-26T12:59:00","guid":{"rendered":"https:\/\/sociedadetaoista.com.br\/sp\/?page_id=945"},"modified":"2025-09-01T01:10:46","modified_gmt":"2025-09-01T04:10:46","slug":"meditacao-taoista","status":"publish","type":"page","link":"https:\/\/sociedadetaoista.com.br\/sp\/cursos\/meditacao-taoista\/","title":{"rendered":"Medita\u00e7\u00e3o Tao\u00edsta"},"content":{"rendered":"<p><img loading=\"lazy\" decoding=\"async\" class=\"alignright\" src=\"http:\/\/sociedadetaoista.com.br\/blog\/wp-content\/uploads\/2012\/11\/Livro-Medita%C3%A7%C3%A3o-Tao%C3%ADsta.jpg\" alt=\"\" width=\"208\" height=\"300\" \/><\/p>\n<h1><span style=\"color: #993300;\"><strong>Cursos e aulas regulares ONLINE<\/strong><\/span><\/h1>\n<h3>Os cursos de medita\u00e7\u00e3o tao\u00edsta t\u00eam sido oferecidos na modalidade ONLINE atrav\u00e9s da plataforma parceira <a href=\"http:\/\/www.taoismo.com.br\"><strong>Taoismo.Online (www.taoismo.com.br)<\/strong><\/a>.<\/h3>\n<h3><\/h3>\n<h3><strong>Destaques:<\/strong><\/h3>\n<ul>\n<li>\n<h3><a href=\"https:\/\/www.taoismo.com.br\/course\/o-tao-de-cada-dia-novo\"><strong>O Tao de cada dia<\/strong><\/a> &#8211; pr\u00e1ticas meditativas e ensinamentos taoistas para pacificar a mente<\/h3>\n<\/li>\n<li>\n<h3><a href=\"https:\/\/www.taoismo.com.br\/caminhos-do-qi-gong\"><strong>Programa de Qi Gong e Medita\u00e7\u00e3o Tao\u00edsta<\/strong><\/a>\u00a0&#8211; pr\u00e1ticas do corpo e mente em harmonia<\/h3>\n<\/li>\n<li>\n<h3><a href=\"https:\/\/www.taoismo.com.br\/meditacao\"><strong>Medita\u00e7\u00e3o Tao\u00edsta<\/strong><\/a> &#8211; cursos e pr\u00e1ticas para incorporar e aprimorar a pr\u00e1tica da medita\u00e7\u00e3o<\/h3>\n<\/li>\n<\/ul>\n<hr \/>\n<h3><span style=\"color: #800000;\"><strong>INFORMA\u00c7\u00d5ES<\/strong><\/span><\/h3>\n<h3><strong>Fone\/Whatsapp: <a href=\"https:\/\/wa.me\/5511996313005\">+55(11)99631-3005<\/a><\/strong><\/h3>\n","protected":false},"excerpt":{"rendered":"<p>Cursos e aulas regulares ONLINE Os cursos de medita\u00e7\u00e3o tao\u00edsta t\u00eam sido oferecidos na modalidade ONLINE atrav\u00e9s da plataforma parceira Taoismo.Online (www.taoismo.com.br). Destaques: O Tao de cada dia &#8211; pr\u00e1ticas meditativas e ensinamentos taoistas para pacificar a mente Programa de Qi Gong e Medita\u00e7\u00e3o Tao\u00edsta\u00a0&#8211; pr\u00e1ticas do corpo e mente em harmonia Medita\u00e7\u00e3o Tao\u00edsta &#8211; &hellip; <\/p>\n<p><a class=\"more-link block-button\" href=\"https:\/\/sociedadetaoista.com.br\/sp\/cursos\/meditacao-taoista\/\">Continue lendo &raquo;<\/a><\/p>\n","protected":false},"author":5,"featured_media":0,"parent":45,"menu_order":7,"comment_status":"open","ping_status":"open","template":"","meta":{"footnotes":""},"class_list":["post-945","page","type-page","status-publish","hentry","nodate"],"_links":{"self":[{"href":"https:\/\/sociedadetaoista.com.br\/sp\/wp-json\/wp\/v2\/pages\/945","targetHints":{"allow":["GET"]}}],"collection":[{"href":"https:\/\/sociedadetaoista.com.br\/sp\/wp-json\/wp\/v2\/pages"}],"about":[{"href":"https:\/\/sociedadetaoista.com.br\/sp\/wp-json\/wp\/v2\/types\/page"}],"author":[{"embeddable":true,"href":"https:\/\/sociedadetaoista.com.br\/sp\/wp-json\/wp\/v2\/users\/5"}],"replies":[{"embeddable":true,"href":"https:\/\/sociedadetaoista.com.br\/sp\/wp-json\/wp\/v2\/comments?post=945"}],"version-history":[{"count":3,"href":"https:\/\/sociedadetaoista.com.br\/sp\/wp-json\/wp\/v2\/pages\/945\/revisions"}],"predecessor-version":[{"id":6221,"href":"https:\/\/sociedadetaoista.com.br\/sp\/wp-json\/wp\/v2\/pages\/945\/revisions\/6221"}],"up":[{"embeddable":true,"href":"https:\/\/sociedadetaoista.com.br\/sp\/wp-json\/wp\/v2\/pages\/45"}],"wp:attachment":[{"href":"https:\/\/sociedadetaoista.com.br\/sp\/wp-json\/wp\/v2\/media?parent=945"}],"curies":[{"name":"wp","href":"https:\/\/api.w.org\/{rel}","templated":true}]}}